{"id":311,"date":"2021-10-03T16:19:30","date_gmt":"2021-10-03T14:19:30","guid":{"rendered":"https:\/\/inovagen.hr\/web\/home\/"},"modified":"2021-10-03T16:19:31","modified_gmt":"2021-10-03T14:19:31","slug":"home","status":"publish","type":"page","link":"https:\/\/inovagen.hr\/en\/","title":{"rendered":"Home"},"content":{"rendered":"<p>[et_pb_section fb_built=&#8221;1&#8243; _builder_version=&#8221;4.10.8&#8243; _module_preset=&#8221;default&#8221; custom_padding=&#8221;0px||0px||false|false&#8221; global_colors_info=&#8221;{}&#8221;][et_pb_row use_custom_gutter=&#8221;on&#8221; gutter_width=&#8221;1&#8243; _builder_version=&#8221;4.10.8&#8243; _module_preset=&#8221;default&#8221; width=&#8221;100%&#8221; max_width=&#8221;2560px&#8221; module_alignment=&#8221;center&#8221; custom_margin=&#8221;0px||0px||false|false&#8221; custom_padding=&#8221;0px|0px|0px|0px|false|false&#8221; global_colors_info=&#8221;{}&#8221;][et_pb_column type=&#8221;4_4&#8243; _builder_version=&#8221;4.10.8&#8243; _module_preset=&#8221;default&#8221; global_colors_info=&#8221;{}&#8221;][et_pb_slider _builder_version=&#8221;4.10.8&#8243; _module_preset=&#8221;default&#8221; hover_enabled=&#8221;0&#8243; global_colors_info=&#8221;{}&#8221; header_font_size=&#8221;75px&#8221; header_font_size_last_edited=&#8221;on|phone&#8221; sticky_enabled=&#8221;0&#8243; header_font_size_tablet=&#8221;55px&#8221; header_font_size_phone=&#8221;35px&#8221; custom_margin=&#8221;||||false|false&#8221; custom_padding=&#8221;150px||150px||false|false&#8221; custom_padding_last_edited=&#8221;on|desktop&#8221; custom_padding_phone=&#8221;25px||25px||false|false&#8221; custom_padding_tablet=&#8221;100px||100px||false|false&#8221;][et_pb_slide heading=&#8221;HEALTH&#8221; _builder_version=&#8221;4.10.8&#8243; _module_preset=&#8221;default&#8221; background_enable_color=&#8221;off&#8221; background_image=&#8221;https:\/\/inovagen.hr\/web\/wp-content\/uploads\/2021\/09\/header1-1.jpg&#8221; background_enable_image=&#8221;on&#8221; text_orientation=&#8221;left&#8221; global_colors_info=&#8221;{}&#8221; sticky_transition=&#8221;on&#8221;]Metode zasnovane na molekularnoj biologiji omogu\u0107avaju preciznu i ranu<br \/>\ndetekciju i dijagnostiku [\/et_pb_slide][et_pb_slide heading=&#8221;SCIENCE&#8221; _builder_version=&#8221;4.10.8&#8243; _module_preset=&#8221;default&#8221; background_enable_color=&#8221;off&#8221; background_image=&#8221;https:\/\/inovagen.hr\/web\/wp-content\/uploads\/2021\/09\/header2-1.jpg&#8221; background_enable_image=&#8221;on&#8221; text_orientation=&#8221;left&#8221; global_colors_info=&#8221;{}&#8221; sticky_transition=&#8221;on&#8221;]Ubrzajte svoja istra\u017eivanja koriste\u0107i usluge na\u0161eg laboratorija<br \/>\nNapredujte kroz te\u010dajeve metoda u molekularnoj biologij[\/et_pb_slide][et_pb_slide heading=&#8221;VETERINARY DIAGNOSTICS&#8221; _builder_version=&#8221;4.10.8&#8243; _module_preset=&#8221;default&#8221; background_enable_color=&#8221;off&#8221; background_image=&#8221;https:\/\/inovagen.hr\/web\/wp-content\/uploads\/2021\/09\/header1-1.jpg&#8221; background_enable_image=&#8221;on&#8221; text_orientation=&#8221;left&#8221; global_colors_info=&#8221;{}&#8221; sticky_transition=&#8221;on&#8221;]AnimaLabs\u00a9 je usredoto\u010den na usluge DNA testiranja nasljednih bolesti i osobina ku\u0107nih ljubimaca<br \/>\n te doma\u0107ih \u017eivotinja, brzo i precizno testiranje \u017eivotinja na prisutnost infekcija te znanstveni dokaz pedigrea. [\/et_pb_slide][et_pb_slide heading=&#8221;RESEARCH &amp; DEVELOPMENT&#8221; _builder_version=&#8221;4.10.8&#8243; _module_preset=&#8221;default&#8221; background_enable_color=&#8221;off&#8221; background_image=&#8221;https:\/\/inovagen.hr\/web\/wp-content\/uploads\/2021\/09\/header3-1.jpg&#8221; background_enable_image=&#8221;on&#8221; text_orientation=&#8221;left&#8221; global_colors_info=&#8221;{}&#8221; sticky_transition=&#8221;on&#8221;][\/et_pb_slide][\/et_pb_slider][\/et_pb_column][\/et_pb_row][\/et_pb_section][et_pb_section fb_built=&#8221;1&#8243; admin_label=&#8221;section&#8221; _builder_version=&#8221;4.10.8&#8243; custom_padding=&#8221;30px||||false|false&#8221; global_colors_info=&#8221;{}&#8221;][et_pb_row admin_label=&#8221;row&#8221; _builder_version=&#8221;4.10.8&#8243; background_size=&#8221;initial&#8221; background_position=&#8221;top_left&#8221; background_repeat=&#8221;repeat&#8221; width=&#8221;95%&#8221; custom_padding=&#8221;||28px|||&#8221; animation_style=&#8221;slide&#8221; animation_intensity_slide=&#8221;5%&#8221; global_colors_info=&#8221;{}&#8221;][et_pb_column type=&#8221;4_4&#8243; _builder_version=&#8221;3.25&#8243; custom_padding=&#8221;|||&#8221; global_colors_info=&#8221;{}&#8221; custom_padding__hover=&#8221;|||&#8221;][et_pb_text admin_label=&#8221;Text&#8221; _builder_version=&#8221;4.10.8&#8243; background_size=&#8221;initial&#8221; background_position=&#8221;top_left&#8221; background_repeat=&#8221;repeat&#8221; custom_margin=&#8221;||22px|||&#8221; global_colors_info=&#8221;{}&#8221;]<\/p>\n<h3 style=\"text-align: center;\"><strong>OUR SEVICES<\/strong><\/h3>\n<p style=\"text-align: center;\"><strong>Who we are &#038; what we do<\/strong><\/p>\n<p>[\/et_pb_text][et_pb_divider color=&#8221;#e5e5e5&#8243; _builder_version=&#8221;4.10.8&#8243; _module_preset=&#8221;default&#8221; max_width=&#8221;150px&#8221; module_alignment=&#8221;center&#8221; max_height=&#8221;5px&#8221; custom_margin=&#8221;||15px|||&#8221; global_colors_info=&#8221;{}&#8221;][\/et_pb_divider][et_pb_text _builder_version=&#8221;4.10.8&#8243; _module_preset=&#8221;default&#8221; max_width=&#8221;1000px&#8221; module_alignment=&#8221;center&#8221; custom_margin=&#8221;23px|||||&#8221; global_colors_info=&#8221;{}&#8221;]<\/p>\n<p style=\"text-align: center;\">InovaGen is research and development company recently founded by team of experts.<\/p>\n<p style=\"text-align: center;\">Our growth is driven by great enthusiasm for science combined with experienced management and leadership. Our wish is to offer full scope of highest quality and customer friendly services in the area of genetics, molecular biology, veterinary and biomedicine.<\/p>\n<p>[\/et_pb_text][\/et_pb_column][\/et_pb_row][et_pb_row column_structure=&#8221;1_4,1_4,1_4,1_4&#8243; use_custom_gutter=&#8221;on&#8221; gutter_width=&#8221;2&#8243; _builder_version=&#8221;4.10.8&#8243; _module_preset=&#8221;default&#8221; width=&#8221;95%&#8221; global_colors_info=&#8221;{}&#8221;][et_pb_column type=&#8221;1_4&#8243; _builder_version=&#8221;4.10.8&#8243; _dynamic_attributes=&#8221;link_option_url&#8221; _module_preset=&#8221;default&#8221; animation_style=&#8221;slide&#8221; animation_delay=&#8221;150ms&#8221; animation_intensity_slide=&#8221;5%&#8221; link_option_url=&#8221;@ET-DC@eyJkeW5hbWljIjp0cnVlLCJjb250ZW50IjoicG9zdF9saW5rX3VybF9wYWdlIiwic2V0dGluZ3MiOnsicG9zdF9pZCI6IjEwIn19@&#8221; global_colors_info=&#8221;{}&#8221;][et_pb_image src=&#8221;https:\/\/inovagen.hr\/web\/wp-content\/uploads\/2021\/09\/1.jpg&#8221; title_text=&#8221;1&#8243; url=&#8221;@ET-DC@eyJkeW5hbWljIjp0cnVlLCJjb250ZW50IjoicG9zdF9saW5rX3VybF9wYWdlIiwic2V0dGluZ3MiOnsicG9zdF9pZCI6IjEwIn19@&#8221; use_overlay=&#8221;on&#8221; overlay_icon_color=&#8221;#FFFFFF&#8221; hover_overlay_color=&#8221;rgba(0,0,0,0.15)&#8221; hover_icon=&#8221;%%43%%&#8221; show_bottom_space=&#8221;off&#8221; _builder_version=&#8221;4.10.8&#8243; _dynamic_attributes=&#8221;url&#8221; _module_preset=&#8221;default&#8221; custom_margin=&#8221;||||false|false&#8221; global_colors_info=&#8221;{}&#8221;][\/et_pb_image][et_pb_text _builder_version=&#8221;4.10.8&#8243; _module_preset=&#8221;default&#8221; text_text_color=&#8221;#FFFFFF&#8221; z_index=&#8221;500&#8243; custom_margin=&#8221;-35px|||15px|false|false&#8221; global_colors_info=&#8221;{}&#8221;]<\/p>\n<p>HEALTH<\/p>\n<p>[\/et_pb_text][\/et_pb_column][et_pb_column type=&#8221;1_4&#8243; _builder_version=&#8221;4.10.8&#8243; _dynamic_attributes=&#8221;link_option_url&#8221; _module_preset=&#8221;default&#8221; animation_style=&#8221;slide&#8221; animation_delay=&#8221;300ms&#8221; animation_intensity_slide=&#8221;5%&#8221; link_option_url=&#8221;@ET-DC@eyJkeW5hbWljIjp0cnVlLCJjb250ZW50IjoicG9zdF9saW5rX3VybF9wYWdlIiwic2V0dGluZ3MiOnsicG9zdF9pZCI6IjEzIn19@&#8221; global_colors_info=&#8221;{}&#8221;][et_pb_image src=&#8221;https:\/\/inovagen.hr\/web\/wp-content\/uploads\/2021\/09\/2.jpg&#8221; title_text=&#8221;2&#8243; url=&#8221;@ET-DC@eyJkeW5hbWljIjp0cnVlLCJjb250ZW50IjoicG9zdF9saW5rX3VybF9wYWdlIiwic2V0dGluZ3MiOnsicG9zdF9pZCI6IjEzIn19@&#8221; use_overlay=&#8221;on&#8221; overlay_icon_color=&#8221;#FFFFFF&#8221; hover_overlay_color=&#8221;rgba(0,0,0,0.15)&#8221; hover_icon=&#8221;%%43%%&#8221; show_bottom_space=&#8221;off&#8221; _builder_version=&#8221;4.10.8&#8243; _dynamic_attributes=&#8221;url&#8221; _module_preset=&#8221;default&#8221; global_colors_info=&#8221;{}&#8221;][\/et_pb_image][et_pb_text _builder_version=&#8221;4.10.8&#8243; _module_preset=&#8221;default&#8221; text_text_color=&#8221;#FFFFFF&#8221; z_index=&#8221;500&#8243; custom_margin=&#8221;-35px|||15px|false|false&#8221; global_colors_info=&#8221;{}&#8221;]<\/p>\n<p>SCIENCE<\/p>\n<p>[\/et_pb_text][\/et_pb_column][et_pb_column type=&#8221;1_4&#8243; _builder_version=&#8221;4.10.8&#8243; _dynamic_attributes=&#8221;link_option_url&#8221; _module_preset=&#8221;default&#8221; animation_style=&#8221;slide&#8221; animation_delay=&#8221;450ms&#8221; animation_intensity_slide=&#8221;5%&#8221; link_option_url=&#8221;@ET-DC@eyJkeW5hbWljIjp0cnVlLCJjb250ZW50IjoicG9zdF9saW5rX3VybF9wYWdlIiwic2V0dGluZ3MiOnsicG9zdF9pZCI6IjE1In19@&#8221; global_colors_info=&#8221;{}&#8221;][et_pb_image src=&#8221;https:\/\/inovagen.hr\/web\/wp-content\/uploads\/2021\/09\/3.jpg&#8221; title_text=&#8221;3&#8243; url=&#8221;@ET-DC@eyJkeW5hbWljIjp0cnVlLCJjb250ZW50IjoicG9zdF9saW5rX3VybF9wYWdlIiwic2V0dGluZ3MiOnsicG9zdF9pZCI6IjE1In19@&#8221; use_overlay=&#8221;on&#8221; overlay_icon_color=&#8221;#FFFFFF&#8221; hover_overlay_color=&#8221;rgba(0,0,0,0.15)&#8221; hover_icon=&#8221;%%43%%&#8221; show_bottom_space=&#8221;off&#8221; _builder_version=&#8221;4.10.8&#8243; _dynamic_attributes=&#8221;url&#8221; _module_preset=&#8221;default&#8221; global_colors_info=&#8221;{}&#8221;][\/et_pb_image][et_pb_text _builder_version=&#8221;4.10.8&#8243; _module_preset=&#8221;default&#8221; text_text_color=&#8221;#FFFFFF&#8221; z_index=&#8221;500&#8243; custom_margin=&#8221;-35px|||15px|false|false&#8221; global_colors_info=&#8221;{}&#8221;]VETERINARY DIAGNOSTICS[\/et_pb_text][\/et_pb_column][et_pb_column type=&#8221;1_4&#8243; _builder_version=&#8221;4.10.8&#8243; _dynamic_attributes=&#8221;link_option_url&#8221; _module_preset=&#8221;default&#8221; animation_style=&#8221;slide&#8221; animation_delay=&#8221;600ms&#8221; animation_intensity_slide=&#8221;5%&#8221; link_option_url=&#8221;@ET-DC@eyJkeW5hbWljIjp0cnVlLCJjb250ZW50IjoicG9zdF9saW5rX3VybF9wYWdlIiwic2V0dGluZ3MiOnsicG9zdF9pZCI6IjE5In19@&#8221; global_colors_info=&#8221;{}&#8221;][et_pb_image src=&#8221;https:\/\/inovagen.hr\/web\/wp-content\/uploads\/2021\/09\/4.jpg&#8221; title_text=&#8221;4&#8243; url=&#8221;@ET-DC@eyJkeW5hbWljIjp0cnVlLCJjb250ZW50IjoicG9zdF9saW5rX3VybF9wYWdlIiwic2V0dGluZ3MiOnsicG9zdF9pZCI6IjE5In19@&#8221; use_overlay=&#8221;on&#8221; overlay_icon_color=&#8221;#FFFFFF&#8221; hover_overlay_color=&#8221;rgba(0,0,0,0.15)&#8221; hover_icon=&#8221;%%43%%&#8221; show_bottom_space=&#8221;off&#8221; _builder_version=&#8221;4.10.8&#8243; _dynamic_attributes=&#8221;url&#8221; _module_preset=&#8221;default&#8221; global_colors_info=&#8221;{}&#8221;][\/et_pb_image][et_pb_text _builder_version=&#8221;4.10.8&#8243; _module_preset=&#8221;default&#8221; text_text_color=&#8221;#FFFFFF&#8221; z_index=&#8221;500&#8243; custom_margin=&#8221;-35px|||15px|false|false&#8221; global_colors_info=&#8221;{}&#8221;]RESEARCH &#038; DEVELOPMENT[\/et_pb_text][\/et_pb_column][\/et_pb_row][\/et_pb_section]<\/p>\n","protected":false},"excerpt":{"rendered":"<p>Metode zasnovane na molekularnoj biologiji omogu\u0107avaju preciznu i ranu detekciju i dijagnostiku Ubrzajte svoja istra\u017eivanja koriste\u0107i usluge na\u0161eg laboratorija Napredujte kroz te\u010dajeve metoda u molekularnoj biologijAnimaLabs\u00a9 je usredoto\u010den na usluge DNA testiranja nasljednih bolesti i osobina ku\u0107nih ljubimaca te doma\u0107ih \u017eivotinja, brzo i precizno testiranje \u017eivotinja na prisutnost infekcija te znanstveni dokaz pedigrea. OUR SEVICES [&hellip;]<\/p>\n","protected":false},"author":1,"featured_media":0,"parent":0,"menu_order":0,"comment_status":"closed","ping_status":"closed","template":"","meta":{"_et_pb_use_builder":"on","_et_pb_old_content":"","_et_gb_content_width":"","footnotes":""},"class_list":["post-311","page","type-page","status-publish","hentry"],"_links":{"self":[{"href":"https:\/\/inovagen.hr\/en\/wp-json\/wp\/v2\/pages\/311","targetHints":{"allow":["GET"]}}],"collection":[{"href":"https:\/\/inovagen.hr\/en\/wp-json\/wp\/v2\/pages"}],"about":[{"href":"https:\/\/inovagen.hr\/en\/wp-json\/wp\/v2\/types\/page"}],"author":[{"embeddable":true,"href":"https:\/\/inovagen.hr\/en\/wp-json\/wp\/v2\/users\/1"}],"replies":[{"embeddable":true,"href":"https:\/\/inovagen.hr\/en\/wp-json\/wp\/v2\/comments?post=311"}],"version-history":[{"count":2,"href":"https:\/\/inovagen.hr\/en\/wp-json\/wp\/v2\/pages\/311\/revisions"}],"predecessor-version":[{"id":313,"href":"https:\/\/inovagen.hr\/en\/wp-json\/wp\/v2\/pages\/311\/revisions\/313"}],"wp:attachment":[{"href":"https:\/\/inovagen.hr\/en\/wp-json\/wp\/v2\/media?parent=311"}],"curies":[{"name":"wp","href":"https:\/\/api.w.org\/{rel}","templated":true}]}}